{"id":15009,"date":"2025-11-12T10:19:58","date_gmt":"2025-11-12T15:19:58","guid":{"rendered":"https:\/\/www.madressolterascolombia.org\/shop\/"},"modified":"2025-11-22T13:48:14","modified_gmt":"2025-11-22T18:48:14","slug":"tienda","status":"publish","type":"page","link":"https:\/\/www.madressolterascolombia.org\/fr\/tienda\/","title":{"rendered":"Magasin"},"content":{"rendered":"<div data-elementor-type=\"wp-page\" data-elementor-id=\"15009\" class=\"elementor elementor-15009\" data-elementor-settings=\"{&quot;element_pack_global_tooltip_width&quot;:{&quot;unit&quot;:&quot;px&quot;,&quot;size&quot;:&quot;&quot;,&quot;sizes&quot;:[]},&quot;element_pack_global_tooltip_width_tablet&quot;:{&quot;unit&quot;:&quot;px&quot;,&quot;size&quot;:&quot;&quot;,&quot;sizes&quot;:[]},&quot;element_pack_global_tooltip_width_mobile&quot;:{&quot;unit&quot;:&quot;px&quot;,&quot;size&quot;:&quot;&quot;,&quot;sizes&quot;:[]},&quot;element_pack_global_tooltip_padding&quot;:{&quot;unit&quot;:&quot;px&quot;,&quot;top&quot;:&quot;&quot;,&quot;right&quot;:&quot;&quot;,&quot;bottom&quot;:&quot;&quot;,&quot;left&quot;:&quot;&quot;,&quot;isLinked&quot;:true},&quot;element_pack_global_tooltip_padding_tablet&quot;:{&quot;unit&quot;:&quot;px&quot;,&quot;top&quot;:&quot;&quot;,&quot;right&quot;:&quot;&quot;,&quot;bottom&quot;:&quot;&quot;,&quot;left&quot;:&quot;&quot;,&quot;isLinked&quot;:true},&quot;element_pack_global_tooltip_padding_mobile&quot;:{&quot;unit&quot;:&quot;px&quot;,&quot;top&quot;:&quot;&quot;,&quot;right&quot;:&quot;&quot;,&quot;bottom&quot;:&quot;&quot;,&quot;left&quot;:&quot;&quot;,&quot;isLinked&quot;:true},&quot;element_pack_global_tooltip_border_radius&quot;:{&quot;unit&quot;:&quot;px&quot;,&quot;top&quot;:&quot;&quot;,&quot;right&quot;:&quot;&quot;,&quot;bottom&quot;:&quot;&quot;,&quot;left&quot;:&quot;&quot;,&quot;isLinked&quot;:true},&quot;element_pack_global_tooltip_border_radius_tablet&quot;:{&quot;unit&quot;:&quot;px&quot;,&quot;top&quot;:&quot;&quot;,&quot;right&quot;:&quot;&quot;,&quot;bottom&quot;:&quot;&quot;,&quot;left&quot;:&quot;&quot;,&quot;isLinked&quot;:true},&quot;element_pack_global_tooltip_border_radius_mobile&quot;:{&quot;unit&quot;:&quot;px&quot;,&quot;top&quot;:&quot;&quot;,&quot;right&quot;:&quot;&quot;,&quot;bottom&quot;:&quot;&quot;,&quot;left&quot;:&quot;&quot;,&quot;isLinked&quot;:true}}\" data-elementor-post-type=\"page\">\n\t\t\t\t<div class=\"elementor-element elementor-element-5ddb644 e-flex e-con-boxed e-con e-parent\" data-id=\"5ddb644\" data-element_type=\"container\" data-e-type=\"container\">\n\t\t\t\t\t<div class=\"e-con-inner\">\n\t\t\t\t\t<\/div>\n\t\t\t\t<\/div>\n\t\t<div class=\"elementor-element elementor-element-bc1b30d e-flex e-con-boxed e-con e-parent\" data-id=\"bc1b30d\" data-element_type=\"container\" data-e-type=\"container\">\n\t\t\t\t\t<div class=\"e-con-inner\">\n\t\t<div class=\"elementor-element elementor-element-3a72b1b e-con-full e-flex e-con e-child\" data-id=\"3a72b1b\" data-element_type=\"container\" data-e-type=\"container\">\n\t\t\t\t<div class=\"elementor-element elementor-element-a658154 at-heading-animation at-animation-heading-style-2 elementor-widget elementor-widget-heading\" data-id=\"a658154\" data-element_type=\"widget\" data-e-type=\"widget\" data-settings=\"{&quot;ekit_we_effect_on&quot;:&quot;none&quot;}\" data-widget_type=\"heading.default\">\n\t\t\t\t\t<h2 class=\"elementor-heading-title elementor-size-default\">NOS PRODUITS<\/h2>\t\t\t\t<\/div>\n\t\t\t\t<div class=\"elementor-element elementor-element-bfc8c44 elementor-invisible elementor-widget elementor-widget-text-editor\" data-id=\"bfc8c44\" data-element_type=\"widget\" data-e-type=\"widget\" data-settings=\"{&quot;_animation&quot;:&quot;fadeInUp&quot;,&quot;_animation_delay&quot;:100,&quot;ekit_we_effect_on&quot;:&quot;none&quot;}\" data-widget_type=\"text-editor.default\">\n\t\t\t\t\t\t\t\t\t<p>Soutenir une m\u00e8re c\u00e9libataire transforme une vie, une famille et une soci\u00e9t\u00e9.<\/p>\t\t\t\t\t\t\t\t<\/div>\n\t\t\t\t<\/div>\n\t\t\t\t<div class=\"elementor-element elementor-element-aa0317d bdt-navigation-type-arrows bdt-carousel-style-carousel elementor-widget elementor-widget-bdt-wc-carousel\" data-id=\"aa0317d\" data-element_type=\"widget\" data-e-type=\"widget\" data-settings=\"{&quot;ekit_we_effect_on&quot;:&quot;none&quot;}\" data-widget_type=\"bdt-wc-carousel.default\">\n\t\t\t\t\t\t\t<div id=\"bdt-wc-carousel-aa0317d\" class=\"bdt-arrows-align-center bdt-wc-carousel bdt-wc-carousel-skin-default\" data-settings=\"{&quot;autoplay&quot;:{&quot;delay&quot;:5000,&quot;disableOnInteraction&quot;:false},&quot;loop&quot;:true,&quot;speed&quot;:500,&quot;slidesPerView&quot;:1,&quot;slidesPerGroup&quot;:1,&quot;effect&quot;:&quot;carousel&quot;,&quot;breakpoints&quot;:{&quot;767&quot;:{&quot;slidesPerView&quot;:2,&quot;spaceBetween&quot;:0,&quot;slidesPerGroup&quot;:1},&quot;1023&quot;:{&quot;slidesPerView&quot;:3,&quot;spaceBetween&quot;:35,&quot;slidesPerGroup&quot;:1}},&quot;navigation&quot;:{&quot;nextEl&quot;:&quot;#bdt-wc-carousel-aa0317d .bdt-navigation-next&quot;,&quot;prevEl&quot;:&quot;#bdt-wc-carousel-aa0317d .bdt-navigation-prev&quot;},&quot;pagination&quot;:{&quot;el&quot;:&quot;#bdt-wc-carousel-aa0317d .swiper-pagination&quot;,&quot;type&quot;:&quot;&quot;,&quot;clickable&quot;:&quot;true&quot;,&quot;dynamicBullets&quot;:false},&quot;scrollbar&quot;:{&quot;el&quot;:&quot;#bdt-wc-carousel-aa0317d .swiper-scrollbar&quot;,&quot;hide&quot;:&quot;true&quot;},&quot;coverflowEffect&quot;:{&quot;rotate&quot;:50,&quot;stretch&quot;:0,&quot;depth&quot;:100,&quot;modifier&quot;:1,&quot;slideShadows&quot;:true}}\">\n\t\t\t<div class=\"swiper-carousel swiper\" role=\"region\" aria-roledescription=\"carousel\" aria-label=\"WC - Carrousel\" dir=\"ltr\">\n\t\t\t\t<div class=\"swiper-wrapper\">\n\t\t\t\t\t\t\t\t\t\t\t\t<div class=\"bdt-wc-carousel-item swiper-slide bdt-transition-toggle\">\n\t\t\t\t\t\t\t\t<div class=\"bdt-wc-carousel-item-inner\">\n\t\t\t\t\t\t\t\t\t\n\t\t\t\t\t\t\t\t\t\t\t<div class=\"bdt-wc-carousel-image bdt-background-cover\">\n\t\t\t<a href=\"https:\/\/www.madressolterascolombia.org\/fr\/product\/pijamas-valiente-nina\/\" title=\"Pyjama pour fille courageuse\">\n\t\t\t\t<img decoding=\"async\" src=\"https:\/\/www.madressolterascolombia.org\/wp-content\/uploads\/2025\/11\/WhatsApp-Image-2025-11-19-at-4.49.39-PM-3-600x763.jpeg\" alt=\"Pijamas Valiente Ni\u00f1a\">\n\t\t\t<\/a>\n\n\t\t\t<div class=\"bdt-wc-add-to-cart\"><a href=\"https:\/\/www.madressolterascolombia.org\/fr\/product\/pijamas-valiente-nina\/\" aria-describedby=\"woocommerce_loop_add_to_cart_link_describedby_15123\" data-quantity=\"1\" class=\"button product_type_simple\" data-product_id=\"15123\" data-product_sku=\"\" aria-label=\"Pour en savoir plus sur \u201c Pijamas Valiente Ni\u00f1a \u201d, cliquez ici.\u201d\" rel=\"nofollow\" data-success_message=\"\" data-no-translation=\"\" data-trp-gettext=\"\" data-no-translation-aria-label=\"\">En savoir plus<\/a>\t<span id=\"woocommerce_loop_add_to_cart_link_describedby_15123\" class=\"screen-reader-text\">\n\t\t\t<\/span>\n<\/div>\t\t<\/div>\n\t\t\n\t\t\t\t\t\t\t\t\t\n\t\t\t\t\t\t\t\t\t<div class=\"bdt-wc-carousel-desc bdt-padding bdt-position-relative bdt-text-left\">\n\t\t\t\t\t\t\t\t\t\t<div class=\"bdt-wc-carousel-desc-inner\">\n\t\t\t\t\t\t\t\t\t\t\t\t\t\t\t\t\t\t\t\t\t\t\t<div class=\"bdt-wc-carousel-title\">\n\t\t\t\t\t\t\t\t\t\t\t\t\t<a href=\"https:\/\/www.madressolterascolombia.org\/fr\/product\/pijamas-valiente-nina\/\">\n\t\t\t\t\t\t\t\t\t\t\t\t\t\tPyjama pour fille courageuse\t\t\t\t\t\t\t\t\t\t\t\t\t<\/a>\n\t\t\t\t\t\t\t\t\t\t\t\t<\/div>\n\t\t\t\t\t\t\t\t\t\t\t\n\t\t\t\t\t\t\t\t\t\t\t\t\t\t\t\t\t\t\t\t\t\t\t<div class=\"bdt-wc-carousel-price-wrapper bdt-flex-middle bdt-flex-left\">\n\t\t\t\t\t\t\t\t\t\t\t\t\t\t\t\t\t\t\t\t\t\t\t\t\t\t\t<div class=\"bdt-products-skin-price\"><p class=\"price\"><\/p>\n<\/div>\n\t\t\t\t\t\t\t\t\t\t\t\t\t\n\t\t\t\t\t\t\t\t\t\t\t\t\t\t\t\t\t\t\t\t\t\t\t\t\t\t\t<div class=\"bdt-wc-rating bdt-flex-right\">\n\t\t\t\t\t\t\t\t\t\t\t\t\t\t\t\t\t\t\t\t\t\t\t\t\t\t\t\t\t<\/div>\n\t\t\t\t\t\t\t\t\t\t\t\t\t\t\t\t\t\t\t\t\t\t\t\t\t<\/div>\n\t\t\t\t\t\t\t\t\t\t\t\t\t\t\t\t\t\t\t\t\t<\/div>\n\n\t\t\t\t\t\t\t\t\t<\/div>\n\t\t\t\t\t\t\t\t<\/div>\n\t\t\t\t\t\t\t<\/div>\n\t\t\t\t\t\t\t\t\t\t<div class=\"bdt-wc-carousel-item swiper-slide bdt-transition-toggle\">\n\t\t\t\t\t\t\t\t<div class=\"bdt-wc-carousel-item-inner\">\n\t\t\t\t\t\t\t\t\t\n\t\t\t\t\t\t\t\t\t\t\t<div class=\"bdt-wc-carousel-image bdt-background-cover\">\n\t\t\t<a href=\"https:\/\/www.madressolterascolombia.org\/fr\/product\/pijamas-valiente-nino\/\" title=\"Pyjama pour gar\u00e7on courageux\">\n\t\t\t\t<img decoding=\"async\" src=\"https:\/\/www.madressolterascolombia.org\/wp-content\/uploads\/2025\/11\/WhatsApp-Image-2025-11-19-at-4.49.42-PM-5-600x792.jpeg\" alt=\"Pijamas Valiente Ni\u00f1o\">\n\t\t\t<\/a>\n\n\t\t\t<div class=\"bdt-wc-add-to-cart\"><a href=\"https:\/\/www.madressolterascolombia.org\/fr\/product\/pijamas-valiente-nino\/\" aria-describedby=\"woocommerce_loop_add_to_cart_link_describedby_15111\" data-quantity=\"1\" class=\"button product_type_simple\" data-product_id=\"15111\" data-product_sku=\"\" aria-label=\"Pour en savoir plus sur \u201c Pijamas Valiente Ni\u00f1o \u201d, cliquez ici.\u201d\" rel=\"nofollow\" data-success_message=\"\" data-no-translation=\"\" data-trp-gettext=\"\" data-no-translation-aria-label=\"\">En savoir plus<\/a>\t<span id=\"woocommerce_loop_add_to_cart_link_describedby_15111\" class=\"screen-reader-text\">\n\t\t\t<\/span>\n<\/div>\t\t<\/div>\n\t\t\n\t\t\t\t\t\t\t\t\t\n\t\t\t\t\t\t\t\t\t<div class=\"bdt-wc-carousel-desc bdt-padding bdt-position-relative bdt-text-left\">\n\t\t\t\t\t\t\t\t\t\t<div class=\"bdt-wc-carousel-desc-inner\">\n\t\t\t\t\t\t\t\t\t\t\t\t\t\t\t\t\t\t\t\t\t\t\t<div class=\"bdt-wc-carousel-title\">\n\t\t\t\t\t\t\t\t\t\t\t\t\t<a href=\"https:\/\/www.madressolterascolombia.org\/fr\/product\/pijamas-valiente-nino\/\">\n\t\t\t\t\t\t\t\t\t\t\t\t\t\tPyjama pour gar\u00e7on courageux\t\t\t\t\t\t\t\t\t\t\t\t\t<\/a>\n\t\t\t\t\t\t\t\t\t\t\t\t<\/div>\n\t\t\t\t\t\t\t\t\t\t\t\n\t\t\t\t\t\t\t\t\t\t\t\t\t\t\t\t\t\t\t\t\t\t\t<div class=\"bdt-wc-carousel-price-wrapper bdt-flex-middle bdt-flex-left\">\n\t\t\t\t\t\t\t\t\t\t\t\t\t\t\t\t\t\t\t\t\t\t\t\t\t\t\t<div class=\"bdt-products-skin-price\"><p class=\"price\"><\/p>\n<\/div>\n\t\t\t\t\t\t\t\t\t\t\t\t\t\n\t\t\t\t\t\t\t\t\t\t\t\t\t\t\t\t\t\t\t\t\t\t\t\t\t\t\t<div class=\"bdt-wc-rating bdt-flex-right\">\n\t\t\t\t\t\t\t\t\t\t\t\t\t\t\t\t\t\t\t\t\t\t\t\t\t\t\t\t\t<\/div>\n\t\t\t\t\t\t\t\t\t\t\t\t\t\t\t\t\t\t\t\t\t\t\t\t\t<\/div>\n\t\t\t\t\t\t\t\t\t\t\t\t\t\t\t\t\t\t\t\t\t<\/div>\n\n\t\t\t\t\t\t\t\t\t<\/div>\n\t\t\t\t\t\t\t\t<\/div>\n\t\t\t\t\t\t\t<\/div>\n\t\t\t\t\t\t\t\t\t\t<div class=\"bdt-wc-carousel-item swiper-slide bdt-transition-toggle\">\n\t\t\t\t\t\t\t\t<div class=\"bdt-wc-carousel-item-inner\">\n\t\t\t\t\t\t\t\t\t\t\t\t\t\t\t\t\t\t\t<div class=\"bdt-badge bdt-position-top-left bdt-position-small\">\n\t\t\t\t\t\t\t\t\t\t\t<span class=\"bdt-onsale\">En rupture de stock!<\/span>\t\t\t\t\t\t\t\t\t\t<\/div>\n\t\t\t\t\t\t\t\t\t\n\t\t\t\t\t\t\t\t\t\t\t<div class=\"bdt-wc-carousel-image bdt-background-cover\">\n\t\t\t<a href=\"https:\/\/www.madressolterascolombia.org\/fr\/product\/pijamas-valiente-dama\/\" title=\"Pyjamas Brave Lady\">\n\t\t\t\t<img decoding=\"async\" src=\"https:\/\/www.madressolterascolombia.org\/wp-content\/uploads\/2025\/11\/WhatsApp-Image-2025-11-19-at-4.49.38-PM-5-600x806.jpeg\" alt=\"Pijamas Valiente Dama\">\n\t\t\t<\/a>\n\n\t\t\t<div class=\"bdt-wc-add-to-cart\"><a href=\"https:\/\/www.madressolterascolombia.org\/fr\/product\/pijamas-valiente-dama\/\" aria-describedby=\"woocommerce_loop_add_to_cart_link_describedby_15090\" data-quantity=\"1\" class=\"button product_type_variable\" data-product_id=\"15090\" data-product_sku=\"\" aria-label=\"S\u00e9lectionnez les options pour \u201c\u00a0Pijamas Valiente Dama\u00a0\u201d\" rel=\"nofollow\" data-no-translation=\"\" data-trp-gettext=\"\" data-no-translation-aria-label=\"\">En savoir plus<\/a>\t<span id=\"woocommerce_loop_add_to_cart_link_describedby_15090\" class=\"screen-reader-text\">\n\t\t\t<\/span>\n<\/div>\t\t<\/div>\n\t\t\n\t\t\t\t\t\t\t\t\t\n\t\t\t\t\t\t\t\t\t<div class=\"bdt-wc-carousel-desc bdt-padding bdt-position-relative bdt-text-left\">\n\t\t\t\t\t\t\t\t\t\t<div class=\"bdt-wc-carousel-desc-inner\">\n\t\t\t\t\t\t\t\t\t\t\t\t\t\t\t\t\t\t\t\t\t\t\t<div class=\"bdt-wc-carousel-title\">\n\t\t\t\t\t\t\t\t\t\t\t\t\t<a href=\"https:\/\/www.madressolterascolombia.org\/fr\/product\/pijamas-valiente-dama\/\">\n\t\t\t\t\t\t\t\t\t\t\t\t\t\tPyjamas Brave Lady\t\t\t\t\t\t\t\t\t\t\t\t\t<\/a>\n\t\t\t\t\t\t\t\t\t\t\t\t<\/div>\n\t\t\t\t\t\t\t\t\t\t\t\n\t\t\t\t\t\t\t\t\t\t\t\t\t\t\t\t\t\t\t\t\t\t\t<div class=\"bdt-wc-carousel-price-wrapper bdt-flex-middle bdt-flex-left\">\n\t\t\t\t\t\t\t\t\t\t\t\t\t\t\t\t\t\t\t\t\t\t\t\t\t\t\t<div class=\"bdt-products-skin-price\"><p class=\"price\"><\/p>\n<\/div>\n\t\t\t\t\t\t\t\t\t\t\t\t\t\n\t\t\t\t\t\t\t\t\t\t\t\t\t\t\t\t\t\t\t\t\t\t\t\t\t\t\t<div class=\"bdt-wc-rating bdt-flex-right\">\n\t\t\t\t\t\t\t\t\t\t\t\t\t\t\t\t\t\t\t\t\t\t\t\t\t\t\t\t\t<\/div>\n\t\t\t\t\t\t\t\t\t\t\t\t\t\t\t\t\t\t\t\t\t\t\t\t\t<\/div>\n\t\t\t\t\t\t\t\t\t\t\t\t\t\t\t\t\t\t\t\t\t<\/div>\n\n\t\t\t\t\t\t\t\t\t<\/div>\n\t\t\t\t\t\t\t\t<\/div>\n\t\t\t\t\t\t\t<\/div>\n\t\t\t\t\t\t\t\t\t\t<div class=\"bdt-wc-carousel-item swiper-slide bdt-transition-toggle\">\n\t\t\t\t\t\t\t\t<div class=\"bdt-wc-carousel-item-inner\">\n\t\t\t\t\t\t\t\t\t\n\t\t\t\t\t\t\t\t\t\t\t<div class=\"bdt-wc-carousel-image bdt-background-cover\">\n\t\t\t<a href=\"https:\/\/www.madressolterascolombia.org\/fr\/product\/miyuki-mamas\/\" title=\"Mamans Miyuki\">\n\t\t\t\t<img decoding=\"async\" src=\"https:\/\/www.madressolterascolombia.org\/wp-content\/uploads\/2025\/11\/WhatsApp-Image-2025-11-19-at-4.49.38-PM-4-600x613.jpeg\" alt=\"Miyuki Mam\u00e1s\">\n\t\t\t<\/a>\n\n\t\t\t<div class=\"bdt-wc-add-to-cart\"><a href=\"https:\/\/www.madressolterascolombia.org\/fr\/product\/miyuki-mamas\/\" aria-describedby=\"woocommerce_loop_add_to_cart_link_describedby_15084\" data-quantity=\"1\" class=\"button product_type_simple\" data-product_id=\"15084\" data-product_sku=\"\" aria-label=\"Pour en savoir plus sur \u201c Miyuki Mam\u00e1s \u201d, cliquez ici.\u201d\" rel=\"nofollow\" data-success_message=\"\" data-no-translation=\"\" data-trp-gettext=\"\" data-no-translation-aria-label=\"\">En savoir plus<\/a>\t<span id=\"woocommerce_loop_add_to_cart_link_describedby_15084\" class=\"screen-reader-text\">\n\t\t\t<\/span>\n<\/div>\t\t<\/div>\n\t\t\n\t\t\t\t\t\t\t\t\t\n\t\t\t\t\t\t\t\t\t<div class=\"bdt-wc-carousel-desc bdt-padding bdt-position-relative bdt-text-left\">\n\t\t\t\t\t\t\t\t\t\t<div class=\"bdt-wc-carousel-desc-inner\">\n\t\t\t\t\t\t\t\t\t\t\t\t\t\t\t\t\t\t\t\t\t\t\t<div class=\"bdt-wc-carousel-title\">\n\t\t\t\t\t\t\t\t\t\t\t\t\t<a href=\"https:\/\/www.madressolterascolombia.org\/fr\/product\/miyuki-mamas\/\">\n\t\t\t\t\t\t\t\t\t\t\t\t\t\tMamans Miyuki\t\t\t\t\t\t\t\t\t\t\t\t\t<\/a>\n\t\t\t\t\t\t\t\t\t\t\t\t<\/div>\n\t\t\t\t\t\t\t\t\t\t\t\n\t\t\t\t\t\t\t\t\t\t\t\t\t\t\t\t\t\t\t\t\t\t\t<div class=\"bdt-wc-carousel-price-wrapper bdt-flex-middle bdt-flex-left\">\n\t\t\t\t\t\t\t\t\t\t\t\t\t\t\t\t\t\t\t\t\t\t\t\t\t\t\t<div class=\"bdt-products-skin-price\"><p class=\"price\"><\/p>\n<\/div>\n\t\t\t\t\t\t\t\t\t\t\t\t\t\n\t\t\t\t\t\t\t\t\t\t\t\t\t\t\t\t\t\t\t\t\t\t\t\t\t\t\t<div class=\"bdt-wc-rating bdt-flex-right\">\n\t\t\t\t\t\t\t\t\t\t\t\t\t\t\t\t\t\t\t\t\t\t\t\t\t\t\t\t\t<\/div>\n\t\t\t\t\t\t\t\t\t\t\t\t\t\t\t\t\t\t\t\t\t\t\t\t\t<\/div>\n\t\t\t\t\t\t\t\t\t\t\t\t\t\t\t\t\t\t\t\t\t<\/div>\n\n\t\t\t\t\t\t\t\t\t<\/div>\n\t\t\t\t\t\t\t\t<\/div>\n\t\t\t\t\t\t\t<\/div>\n\t\t\t\t\t\t\t\t\t\t<div class=\"bdt-wc-carousel-item swiper-slide bdt-transition-toggle\">\n\t\t\t\t\t\t\t\t<div class=\"bdt-wc-carousel-item-inner\">\n\t\t\t\t\t\t\t\t\t\t\t\t\t\t\t\t\t\t\t<div class=\"bdt-badge bdt-position-top-left bdt-position-small\">\n\t\t\t\t\t\t\t\t\t\t\t<span class=\"bdt-onsale\">En rupture de stock!<\/span>\t\t\t\t\t\t\t\t\t\t<\/div>\n\t\t\t\t\t\t\t\t\t\n\t\t\t\t\t\t\t\t\t\t\t<div class=\"bdt-wc-carousel-image bdt-background-cover\">\n\t\t\t<a href=\"https:\/\/www.madressolterascolombia.org\/fr\/product\/mama-limpieza\/\" title=\"MAMAN NETTOYAGE\">\n\t\t\t\t<img decoding=\"async\" src=\"https:\/\/www.madressolterascolombia.org\/wp-content\/uploads\/2025\/11\/WhatsApp-Image-2025-11-19-at-4.49.37-PM-4-600x600.jpeg\" alt=\"MAM\u00c1 LIMPIEZA\">\n\t\t\t<\/a>\n\n\t\t\t<div class=\"bdt-wc-add-to-cart\"><a href=\"https:\/\/www.madressolterascolombia.org\/fr\/product\/mama-limpieza\/\" aria-describedby=\"woocommerce_loop_add_to_cart_link_describedby_15077\" data-quantity=\"1\" class=\"button product_type_variable\" data-product_id=\"15077\" data-product_sku=\"\" aria-label=\"S\u00e9lectionnez les options pour \u201c\u00a0MAM\u00c1 LIMPIEZA\u00a0\u201d\" rel=\"nofollow\" data-no-translation=\"\" data-trp-gettext=\"\" data-no-translation-aria-label=\"\">En savoir plus<\/a>\t<span id=\"woocommerce_loop_add_to_cart_link_describedby_15077\" class=\"screen-reader-text\">\n\t\t\t<\/span>\n<\/div>\t\t<\/div>\n\t\t\n\t\t\t\t\t\t\t\t\t\n\t\t\t\t\t\t\t\t\t<div class=\"bdt-wc-carousel-desc bdt-padding bdt-position-relative bdt-text-left\">\n\t\t\t\t\t\t\t\t\t\t<div class=\"bdt-wc-carousel-desc-inner\">\n\t\t\t\t\t\t\t\t\t\t\t\t\t\t\t\t\t\t\t\t\t\t\t<div class=\"bdt-wc-carousel-title\">\n\t\t\t\t\t\t\t\t\t\t\t\t\t<a href=\"https:\/\/www.madressolterascolombia.org\/fr\/product\/mama-limpieza\/\">\n\t\t\t\t\t\t\t\t\t\t\t\t\t\tMAMAN NETTOYAGE\t\t\t\t\t\t\t\t\t\t\t\t\t<\/a>\n\t\t\t\t\t\t\t\t\t\t\t\t<\/div>\n\t\t\t\t\t\t\t\t\t\t\t\n\t\t\t\t\t\t\t\t\t\t\t\t\t\t\t\t\t\t\t\t\t\t\t<div class=\"bdt-wc-carousel-price-wrapper bdt-flex-middle bdt-flex-left\">\n\t\t\t\t\t\t\t\t\t\t\t\t\t\t\t\t\t\t\t\t\t\t\t\t\t\t\t<div class=\"bdt-products-skin-price\"><p class=\"price\"><\/p>\n<\/div>\n\t\t\t\t\t\t\t\t\t\t\t\t\t\n\t\t\t\t\t\t\t\t\t\t\t\t\t\t\t\t\t\t\t\t\t\t\t\t\t\t\t<div class=\"bdt-wc-rating bdt-flex-right\">\n\t\t\t\t\t\t\t\t\t\t\t\t\t\t\t\t\t\t\t\t\t\t\t\t\t\t\t\t\t<\/div>\n\t\t\t\t\t\t\t\t\t\t\t\t\t\t\t\t\t\t\t\t\t\t\t\t\t<\/div>\n\t\t\t\t\t\t\t\t\t\t\t\t\t\t\t\t\t\t\t\t\t<\/div>\n\n\t\t\t\t\t\t\t\t\t<\/div>\n\t\t\t\t\t\t\t\t<\/div>\n\t\t\t\t\t\t\t<\/div>\n\t\t\t\t\t<\/div>\n\t\t\t\t<\/div>\n\n\t\t\t\t\t\t\t\t\t\t\t<div class=\"bdt-position-z-index bdt-position-center bdt-visible@m\">\n\t\t\t\t<div class=\"bdt-arrows-container bdt-slidenav-container\">\n\t\t\t\t\t<div class=\"bdt-navigation-prev bdt-slidenav-previous bdt-icon bdt-slidenav\">\n\t\t\t\t\t\t<i class=\"ep-icon-arrow-left-0\" aria-hidden=\"true\"><\/i>\n\t\t\t\t\t<\/div>\n\t\t\t\t\t<div class=\"bdt-navigation-next bdt-slidenav-next bdt-icon bdt-slidenav\">\n\t\t\t\t\t\t<i class=\"ep-icon-arrow-right-0\" aria-hidden=\"true\"><\/i>\n\t\t\t\t\t<\/div>\n\t\t\t\t<\/div>\n\t\t\t<\/div>\n\t\t\t\t\n\t\t<\/div>\n\n\t\t\t\t<\/div>\n\t\t\t\t\t<\/div>\n\t\t\t\t<\/div>\n\t\t\t\t<\/div>","protected":false},"excerpt":{"rendered":"<p>NUESTROS PRODUCTOS Apoyar una madre soltera es transformar una [&hellip;]<\/p>\n","protected":false},"author":2,"featured_media":0,"parent":0,"menu_order":0,"comment_status":"closed","ping_status":"closed","template":"","meta":{"give_campaign_id":0,"inline_featured_image":false,"footnotes":""},"class_list":["post-15009","page","type-page","status-publish","hentry"],"campaignId":"","_links":{"self":[{"href":"https:\/\/www.madressolterascolombia.org\/fr\/wp-json\/wp\/v2\/pages\/15009","targetHints":{"allow":["GET"]}}],"collection":[{"href":"https:\/\/www.madressolterascolombia.org\/fr\/wp-json\/wp\/v2\/pages"}],"about":[{"href":"https:\/\/www.madressolterascolombia.org\/fr\/wp-json\/wp\/v2\/types\/page"}],"author":[{"embeddable":true,"href":"https:\/\/www.madressolterascolombia.org\/fr\/wp-json\/wp\/v2\/users\/2"}],"replies":[{"embeddable":true,"href":"https:\/\/www.madressolterascolombia.org\/fr\/wp-json\/wp\/v2\/comments?post=15009"}],"version-history":[{"count":14,"href":"https:\/\/www.madressolterascolombia.org\/fr\/wp-json\/wp\/v2\/pages\/15009\/revisions"}],"predecessor-version":[{"id":15149,"href":"https:\/\/www.madressolterascolombia.org\/fr\/wp-json\/wp\/v2\/pages\/15009\/revisions\/15149"}],"wp:attachment":[{"href":"https:\/\/www.madressolterascolombia.org\/fr\/wp-json\/wp\/v2\/media?parent=15009"}],"curies":[{"name":"wp","href":"https:\/\/api.w.org\/{rel}","templated":true}]}}