{"id":15084,"date":"2025-11-20T15:06:35","date_gmt":"2025-11-20T20:06:35","guid":{"rendered":"https:\/\/www.madressolterascolombia.org\/?post_type=product&#038;p=15084"},"modified":"2025-11-20T15:11:06","modified_gmt":"2025-11-20T20:11:06","slug":"miyuki-mamas","status":"publish","type":"product","link":"https:\/\/www.madressolterascolombia.org\/fr\/product\/miyuki-mamas\/","title":{"rendered":"Mamans Miyuki"},"content":{"rendered":"<p>Il s&#039;agit d&#039;une strat\u00e9gie de travail qui<br \/>\nnous mettons en \u0153uvre de sorte que beaucoup<br \/>\nafin que les m\u00e8res puissent g\u00e9n\u00e9rer des revenus<br \/>\n\u00e9conomique de leurs foyers et \u00e0<br \/>\nen m\u00eame temps, cela leur permet d&#039;\u00eatre<br \/>\nles soins de leurs enfants, \u00e0 travers le<br \/>\nfabrication de bijoux artisanaux,<br \/>\nqui comprend le tissage des poign\u00e9es dans<br \/>\nBoucles d&#039;oreilles et colliers en macram\u00e9.<\/p>","protected":false},"excerpt":{"rendered":"<p>Es una estrategia laboral que implementamos para que muchas [&hellip;]<\/p>\n","protected":false},"featured_media":15086,"comment_status":"open","ping_status":"closed","template":"","meta":{"give_campaign_id":0,"inline_featured_image":false},"product_brand":[],"product_cat":[34],"product_tag":[],"class_list":{"0":"post-15084","1":"product","2":"type-product","3":"status-publish","4":"has-post-thumbnail","6":"product_cat-miyuki-mamas","8":"first","9":"instock","10":"shipping-taxable","11":"product-type-simple"},"_links":{"self":[{"href":"https:\/\/www.madressolterascolombia.org\/fr\/wp-json\/wp\/v2\/product\/15084","targetHints":{"allow":["GET"]}}],"collection":[{"href":"https:\/\/www.madressolterascolombia.org\/fr\/wp-json\/wp\/v2\/product"}],"about":[{"href":"https:\/\/www.madressolterascolombia.org\/fr\/wp-json\/wp\/v2\/types\/product"}],"replies":[{"embeddable":true,"href":"https:\/\/www.madressolterascolombia.org\/fr\/wp-json\/wp\/v2\/comments?post=15084"}],"wp:featuredmedia":[{"embeddable":true,"href":"https:\/\/www.madressolterascolombia.org\/fr\/wp-json\/wp\/v2\/media\/15086"}],"wp:attachment":[{"href":"https:\/\/www.madressolterascolombia.org\/fr\/wp-json\/wp\/v2\/media?parent=15084"}],"wp:term":[{"taxonomy":"product_brand","embeddable":true,"href":"https:\/\/www.madressolterascolombia.org\/fr\/wp-json\/wp\/v2\/product_brand?post=15084"},{"taxonomy":"product_cat","embeddable":true,"href":"https:\/\/www.madressolterascolombia.org\/fr\/wp-json\/wp\/v2\/product_cat?post=15084"},{"taxonomy":"product_tag","embeddable":true,"href":"https:\/\/www.madressolterascolombia.org\/fr\/wp-json\/wp\/v2\/product_tag?post=15084"}],"curies":[{"name":"wp","href":"https:\/\/api.w.org\/{rel}","templated":true}]}}