{"id":15123,"date":"2025-11-20T15:33:39","date_gmt":"2025-11-20T20:33:39","guid":{"rendered":"https:\/\/www.madressolterascolombia.org\/?post_type=product&#038;p=15123"},"modified":"2025-11-20T15:33:39","modified_gmt":"2025-11-20T20:33:39","slug":"pijamas-valiente-nina","status":"publish","type":"product","link":"https:\/\/www.madressolterascolombia.org\/fr\/product\/pijamas-valiente-nina\/","title":{"rendered":"Pyjama pour fille courageuse"},"content":{"rendered":"<p>Une marque de pyjamas cr\u00e9\u00e9e par<br \/>\nnotre fondation pour vous fournir<br \/>\nOffre d&#039;emploi pour les m\u00e8res<br \/>\nqui se sont retrouv\u00e9s au ch\u00f4mage \u00e0 cause de<br \/>\nla pand\u00e9mie de COVID-19 et cela<br \/>\nIls travaillaient dans des entreprises de v\u00eatements.<\/p>","protected":false},"excerpt":{"rendered":"<p>Una marca de pijamas creada por nuestra fundaci\u00f3n para [&hellip;]<\/p>\n","protected":false},"featured_media":15130,"comment_status":"open","ping_status":"closed","template":"","meta":{"give_campaign_id":0,"inline_featured_image":false},"product_brand":[],"product_cat":[33],"product_tag":[],"class_list":{"0":"post-15123","1":"product","2":"type-product","3":"status-publish","4":"has-post-thumbnail","6":"product_cat-pijamas-valiente","8":"first","9":"instock","10":"shipping-taxable","11":"product-type-simple"},"_links":{"self":[{"href":"https:\/\/www.madressolterascolombia.org\/fr\/wp-json\/wp\/v2\/product\/15123","targetHints":{"allow":["GET"]}}],"collection":[{"href":"https:\/\/www.madressolterascolombia.org\/fr\/wp-json\/wp\/v2\/product"}],"about":[{"href":"https:\/\/www.madressolterascolombia.org\/fr\/wp-json\/wp\/v2\/types\/product"}],"replies":[{"embeddable":true,"href":"https:\/\/www.madressolterascolombia.org\/fr\/wp-json\/wp\/v2\/comments?post=15123"}],"wp:featuredmedia":[{"embeddable":true,"href":"https:\/\/www.madressolterascolombia.org\/fr\/wp-json\/wp\/v2\/media\/15130"}],"wp:attachment":[{"href":"https:\/\/www.madressolterascolombia.org\/fr\/wp-json\/wp\/v2\/media?parent=15123"}],"wp:term":[{"taxonomy":"product_brand","embeddable":true,"href":"https:\/\/www.madressolterascolombia.org\/fr\/wp-json\/wp\/v2\/product_brand?post=15123"},{"taxonomy":"product_cat","embeddable":true,"href":"https:\/\/www.madressolterascolombia.org\/fr\/wp-json\/wp\/v2\/product_cat?post=15123"},{"taxonomy":"product_tag","embeddable":true,"href":"https:\/\/www.madressolterascolombia.org\/fr\/wp-json\/wp\/v2\/product_tag?post=15123"}],"curies":[{"name":"wp","href":"https:\/\/api.w.org\/{rel}","templated":true}]}}