{"id":15084,"date":"2025-11-20T15:06:35","date_gmt":"2025-11-20T20:06:35","guid":{"rendered":"https:\/\/www.madressolterascolombia.org\/?post_type=product&#038;p=15084"},"modified":"2025-11-20T15:11:06","modified_gmt":"2025-11-20T20:11:06","slug":"miyuki-mamas","status":"publish","type":"product","link":"https:\/\/www.madressolterascolombia.org\/pt\/product\/miyuki-mamas\/","title":{"rendered":"M\u00e3e Miyuki"},"content":{"rendered":"<p>\u00c9 uma estrat\u00e9gia de trabalho que<br \/>\nimplementamos para que muitos<br \/>\npara que as m\u00e3es possam gerar renda<br \/>\necon\u00f4micos de suas casas e para<br \/>\nao mesmo tempo permite que eles sejam<br \/>\ncuidado com seus filhos, atrav\u00e9s do<br \/>\nfabrica\u00e7\u00e3o de joias artesanais,<br \/>\nque inclui a tecelagem de al\u00e7as em<br \/>\nBrincos e colares de macram\u00ea.<\/p>","protected":false},"excerpt":{"rendered":"<p>Es una estrategia laboral que implementamos para que muchas [&hellip;]<\/p>\n","protected":false},"featured_media":15086,"comment_status":"open","ping_status":"closed","template":"","meta":{"give_campaign_id":0,"inline_featured_image":false},"product_brand":[],"product_cat":[34],"product_tag":[],"class_list":{"0":"post-15084","1":"product","2":"type-product","3":"status-publish","4":"has-post-thumbnail","6":"product_cat-miyuki-mamas","8":"first","9":"instock","10":"shipping-taxable","11":"product-type-simple"},"_links":{"self":[{"href":"https:\/\/www.madressolterascolombia.org\/pt\/wp-json\/wp\/v2\/product\/15084","targetHints":{"allow":["GET"]}}],"collection":[{"href":"https:\/\/www.madressolterascolombia.org\/pt\/wp-json\/wp\/v2\/product"}],"about":[{"href":"https:\/\/www.madressolterascolombia.org\/pt\/wp-json\/wp\/v2\/types\/product"}],"replies":[{"embeddable":true,"href":"https:\/\/www.madressolterascolombia.org\/pt\/wp-json\/wp\/v2\/comments?post=15084"}],"wp:featuredmedia":[{"embeddable":true,"href":"https:\/\/www.madressolterascolombia.org\/pt\/wp-json\/wp\/v2\/media\/15086"}],"wp:attachment":[{"href":"https:\/\/www.madressolterascolombia.org\/pt\/wp-json\/wp\/v2\/media?parent=15084"}],"wp:term":[{"taxonomy":"product_brand","embeddable":true,"href":"https:\/\/www.madressolterascolombia.org\/pt\/wp-json\/wp\/v2\/product_brand?post=15084"},{"taxonomy":"product_cat","embeddable":true,"href":"https:\/\/www.madressolterascolombia.org\/pt\/wp-json\/wp\/v2\/product_cat?post=15084"},{"taxonomy":"product_tag","embeddable":true,"href":"https:\/\/www.madressolterascolombia.org\/pt\/wp-json\/wp\/v2\/product_tag?post=15084"}],"curies":[{"name":"wp","href":"https:\/\/api.w.org\/{rel}","templated":true}]}}